{"id":2596,"date":"2025-11-21T11:39:09","date_gmt":"2025-11-21T11:39:09","guid":{"rendered":"https:\/\/funinport.rt.gw\/product\/excursion-de-dia-completo-a-napoles-costa-amalfitana-y-pompeya\/"},"modified":"2025-11-21T11:39:09","modified_gmt":"2025-11-21T11:39:09","slug":"excursion-de-dia-completo-a-napoles-costa-amalfitana-y-pompeya","status":"publish","type":"product","link":"https:\/\/funinport.rt.gw\/es\/excursions\/excursion-de-dia-completo-a-napoles-costa-amalfitana-y-pompeya\/","title":{"rendered":"Excursi\u00f3n de d\u00eda completo a N\u00e1poles, Costa Amalfitana y Pompeya"},"content":{"rendered":"<ul>\n<li>\u00a1Transporte de ida y vuelta con aire acondicionado y licencia desde el muelle de cruceros de N\u00e1poles!<\/li>\n<li>\u00a1El comentario en ingl\u00e9s est\u00e1 a bordo!<\/li>\n<li>\u00a1Parada para tomar fotograf\u00edas en Sorrento y Positano!<\/li>\n<li>\u00a1Delicioso almuerzo en la costa de Amalfi!<\/li>\n<li>\u00a1Parada para hacer fotos y tiempo libre en Amalfi!<\/li>\n<li>\u00a11,5 horas de tiempo libre para explorar Pompeya!<\/li>\n<li>\u00a1Agua embotellada de cortes\u00eda!<\/li>\n<\/ul>\n<p>La antig\u00fcedad y la modernidad se fusionan casi a la perfecci\u00f3n en esta aventura de un d\u00eda por la Costa Amalfitana. Ubicada en la costa sur de Italia, este lugar declarado Patrimonio de la Humanidad por la UNESCO es uno de los destinos m\u00e1s populares del mundo. Despu\u00e9s, explore las ruinas de la antigua ciudad de Pompeya a la sombra del Vesubio.  <\/p>\n<p>Al realizar su pedido, puede elegir el tama\u00f1o del grupo al que desea unirse. Para una experiencia m\u00e1s personalizada e individual, elija la opci\u00f3n VIP con un m\u00e1ximo de 8 adultos por grupo. Tambi\u00e9n puede unirse a un grupo peque\u00f1o de 16 adultos o a la opci\u00f3n regular con un m\u00e1ximo de 40 adultos. <\/p>\n<p>Se encontrar\u00e1 con su gu\u00eda fuera de la terminal de cruceros de N\u00e1poles para abordar el transporte con aire acondicionado. Con numerosas paradas a lo largo de la costa de Sorrento para tomar fotograf\u00edas, quedar\u00e1 fascinado por la belleza del paisaje. La Costa Amalfitana es un tramo de costa de 50 kil\u00f3metros (31 millas) a lo largo del extremo sur de la Pen\u00ednsula Sorrentina de Italia. Es un popular destino vacacional y tur\u00edstico, con acantilados escarpados y una costa escarpada salpicada de peque\u00f1as playas y pueblos pesqueros de colores pastel. La carretera costera serpentea entre grandes villas, vi\u00f1edos en terrazas y limoneros en los acantilados donde se produce el licor Lemoncello. Los acantilados que dominan la costa son impresionantes, y el agua azul brillante es tan impresionante que casi se preguntar\u00e1 si es real. Hay m\u00e1s paradas para tomar fotograf\u00edas en Positano, donde ver\u00e1 los coloridos edificios construidos a lo largo de la ladera.      <\/p>\n<p>\u00a1Es hora de almorzar! Te llevar\u00e1n a un agradable restaurante cerca del pueblo de Conca dei Marini para disfrutar de un delicioso almuerzo compuesto por pasta casera con mozzarella y salsa de berenjena, ensalada mixta, zanahorias y aceitunas (el almuerzo puede variar, ya que todo es fresco y se utilizan productos de temporada). Despu\u00e9s de tu parada para almorzar, partir\u00e1s hacia Amalfi y tendr\u00e1s tiempo para explorar por tu cuenta la hermosa ciudad de Amalfi antes de dirigirte a Pompeya. Gran parte de esta antigua ciudad fue destruida en el a\u00f1o 79 d. C. cuando el Vesubio entr\u00f3 en erupci\u00f3n, sepultando la ciudad y a sus habitantes bajo las cenizas. Otro lugar que vale la pena visitar es la Casa del Fauno, la residencia privada m\u00e1s grande y extraordinaria de Pompeya. Sin embargo, no se trata solo de una aventura tur\u00edstica. Ten en cuenta que la entrada es adicional.      <\/p>\n<p>Tras su estancia en Pompeya, su conductor le llevar\u00e1 de vuelta a la terminal de cruceros de N\u00e1poles. \u00a1Hablar\u00e1 de esta aventura a trav\u00e9s del tiempo durante mucho tiempo! <\/p>\n<p>Nota: Esta excursi\u00f3n NO es privada; el precio depende del tama\u00f1o del grupo. El n\u00famero de participantes puede variar ligeramente, ya que hay un m\u00e1ximo de adultos por grupo; se pueden a\u00f1adir ni\u00f1os. <\/p>\n","protected":false},"excerpt":{"rendered":"<p>Se encontrar\u00e1 con su gu\u00eda fuera de la terminal de cruceros de N\u00e1poles para abordar el transporte con aire acondicionado. Con numerosas paradas a lo largo de la costa de Sorrento para tomar fotograf\u00edas, quedar\u00e1 fascinado por la belleza del paisaje. La Costa Amalfitana es un tramo de costa de 50 kil\u00f3metros (31 millas) a lo largo del extremo sur de la Pen\u00ednsula Sorrentina de Italia. Es un popular destino vacacional y tur\u00edstico, con acantilados escarpados y una costa escarpada salpicada de peque\u00f1as playas y pueblos pesqueros de colores pastel. La carretera costera serpentea entre grandes villas, vi\u00f1edos en terrazas y limoneros en los acantilados donde se produce el licor Lemoncello. Los acantilados que dominan la costa son impresionantes, y el agua azul brillante es tan impresionante que casi se preguntar\u00e1 si es real. Hay m\u00e1s paradas para tomar fotograf\u00edas en Positano, donde ver\u00e1 los coloridos edificios construidos a lo largo de la ladera.      <\/p>\n","protected":false},"featured_media":2597,"comment_status":"open","ping_status":"closed","template":"","meta":{"_acf_changed":false},"product_brand":[],"product_cat":[20],"product_tag":[],"activities":[169,168],"excursion_labels":[170,171],"promotional_labels":[],"languages":[172],"units":[],"currencies":[],"class_list":{"0":"post-2596","1":"product","2":"type-product","3":"status-publish","4":"has-post-thumbnail","6":"product_cat-sin-categoria","7":"activities-escapadas-de-playa","8":"activities-todo-incluido","9":"excursion_labels-garantia-de-regreso-a-tiempo","10":"excursion_labels-garantia-del-mejor-precio","11":"languages-ingles","13":"first","14":"instock","15":"virtual","16":"sold-individually","17":"purchasable","18":"product-type-excursion"},"acf":[],"_links":{"self":[{"href":"https:\/\/funinport.rt.gw\/es\/wp-json\/wp\/v2\/product\/2596","targetHints":{"allow":["GET"]}}],"collection":[{"href":"https:\/\/funinport.rt.gw\/es\/wp-json\/wp\/v2\/product"}],"about":[{"href":"https:\/\/funinport.rt.gw\/es\/wp-json\/wp\/v2\/types\/product"}],"replies":[{"embeddable":true,"href":"https:\/\/funinport.rt.gw\/es\/wp-json\/wp\/v2\/comments?post=2596"}],"wp:featuredmedia":[{"embeddable":true,"href":"https:\/\/funinport.rt.gw\/es\/wp-json\/wp\/v2\/media\/2597"}],"wp:attachment":[{"href":"https:\/\/funinport.rt.gw\/es\/wp-json\/wp\/v2\/media?parent=2596"}],"wp:term":[{"taxonomy":"product_brand","embeddable":true,"href":"https:\/\/funinport.rt.gw\/es\/wp-json\/wp\/v2\/product_brand?post=2596"},{"taxonomy":"product_cat","embeddable":true,"href":"https:\/\/funinport.rt.gw\/es\/wp-json\/wp\/v2\/product_cat?post=2596"},{"taxonomy":"product_tag","embeddable":true,"href":"https:\/\/funinport.rt.gw\/es\/wp-json\/wp\/v2\/product_tag?post=2596"},{"taxonomy":"activities","embeddable":true,"href":"https:\/\/funinport.rt.gw\/es\/wp-json\/wp\/v2\/activities?post=2596"},{"taxonomy":"excursion_labels","embeddable":true,"href":"https:\/\/funinport.rt.gw\/es\/wp-json\/wp\/v2\/excursion_labels?post=2596"},{"taxonomy":"promotional_labels","embeddable":true,"href":"https:\/\/funinport.rt.gw\/es\/wp-json\/wp\/v2\/promotional_labels?post=2596"},{"taxonomy":"languages","embeddable":true,"href":"https:\/\/funinport.rt.gw\/es\/wp-json\/wp\/v2\/languages?post=2596"},{"taxonomy":"units","embeddable":true,"href":"https:\/\/funinport.rt.gw\/es\/wp-json\/wp\/v2\/units?post=2596"},{"taxonomy":"currencies","embeddable":true,"href":"https:\/\/funinport.rt.gw\/es\/wp-json\/wp\/v2\/currencies?post=2596"}],"curies":[{"name":"wp","href":"https:\/\/api.w.org\/{rel}","templated":true}]}}