{"id":2605,"date":"2025-11-21T11:44:11","date_gmt":"2025-11-21T11:44:11","guid":{"rendered":"https:\/\/funinport.rt.gw\/product\/excursion-de-buceo-certificado-en-costa-maya-desde-yaya-beach-club-opciones-de-buceo-de-1-o-2-tanques\/"},"modified":"2025-11-21T11:44:11","modified_gmt":"2025-11-21T11:44:11","slug":"excursion-de-buceo-certificado-en-costa-maya-desde-yaya-beach-club-opciones-de-buceo-de-1-o-2-tanques","status":"publish","type":"product","link":"https:\/\/funinport.rt.gw\/es\/excursions\/excursion-de-buceo-certificado-en-costa-maya-desde-yaya-beach-club-opciones-de-buceo-de-1-o-2-tanques\/","title":{"rendered":"Excursi\u00f3n de buceo certificado en Costa Maya desde YaYa Beach Club: opciones de buceo de 1 o 2 tanques"},"content":{"rendered":"<ul>\n<li>\u00a1Ubicaci\u00f3n de reuni\u00f3n conveniente cerca de la terminal de cruceros de Costa Maya!<\/li>\n<li>\u00a1Instructor de excursiones de buceo PADI certificado y de habla inglesa!<\/li>\n<li>\u00a1Tienda de buceo certificada PADI!<\/li>\n<li>\u00a1Se puede alquilar equipo de buceo en el lugar!<\/li>\n<li>\u00a1Elige entre inmersiones de 1 o 2 tanques!<\/li>\n<\/ul>\n<p><span>Explora los arrecifes frente a Costa Maya (Mahahual) y disfruta de la magn\u00edfica vida marina. Esta excursi\u00f3n es para buzos certificados. Deja que nuestros instructores de buceo te muestren parte de la segunda barrera de coral m\u00e1s grande del mundo y explora su belleza con una compa\u00f1\u00eda de primera. Tu gran decisi\u00f3n es: \u00bftu excursi\u00f3n de buceo en Costa Maya durar\u00e1 solo un tanque o dos?  <\/span><\/p>\n<p><span>La tienda de buceo est\u00e1 a un corto trayecto en autob\u00fas desde el muelle (aproximadamente $2.00 USD por persona). Si tienes m\u00e1s personas en tu grupo, tr\u00e1elas contigo y podr\u00e1n disfrutar de la playa mientras buceas. El personal de buceo PADI, con formaci\u00f3n profesional, se encargar\u00e1 de registrarte y de poner en marcha tu excursi\u00f3n de aventura en Costa Maya, M\u00e9xico.  <\/span><\/p>\n<p><span>Los arrecifes est\u00e1n bastante cerca, por lo que el viaje es corto. Tendr\u00e1 la oportunidad de observar una emocionante vida marina, como tortugas gigantes, anguilas, peces le\u00f3n, mantarrayas, formaciones de coral y mucho m\u00e1s. Algunos de los puntos de buceo m\u00e1s populares son Xcalack y Xahuaixol. El instructor de buceo decide las ubicaciones diariamente seg\u00fan las corrientes y las condiciones del agua.   <\/span><\/p>\n<p><span>La Barrera Arrecifal Mesoamericana se extiende a lo largo de m\u00e1s de 900 kil\u00f3metros desde Cozumel hasta Honduras. La secci\u00f3n de arrecife frente a Mahahual (Costa Maya) presenta numerosas formaciones de dedos que han creado ca\u00f1ones y pasadizos. El arrecife aqu\u00ed se encuentra en muy buen estado y en condiciones pr\u00e1cticamente pr\u00edstinas; podr\u00e1 observar corales cactus, as\u00ed como numerosas especies duras y blandas.  <\/span><\/p>\n<p><span>El equipo utilizado es de primera calidad y recibe mantenimiento continuo por parte de t\u00e9cnicos certificados por Sherwood. Los chalecos y reguladores se reemplazan peri\u00f3dicamente. La calidad del equipo garantiza que todos disfruten de un d\u00eda seguro y divertido.  <\/span><\/p>\n<p><span>La inmersi\u00f3n con un tanque dura aproximadamente 2 horas y la inmersi\u00f3n con dos tanques, aproximadamente 3 horas. Elija esta excursi\u00f3n de buceo como actividad independiente o como complemento a su&#8230; &nbsp;<\/span><a target=\"_blank\" href=\"https:\/\/www.shoreexcursioneer.com\/costa-maya\/lounge-beach-all-inclusive.html\" rel=\"noopener\">\u00a1Descanso en la playa YaYa con todo incluido!<\/a> <span>La primera inmersi\u00f3n es de aproximadamente 18,5 metros (60 pies) de profundidad y el segundo tanque tiene una profundidad m\u00e1xima de aproximadamente 13,5 metros (45 pies).<\/span><\/p>\n<p><span>Nota: Descargue e imprima la siguiente &nbsp;<\/span><a target=\"_blank\" href=\"https:\/\/www.shoreexcursioneer.com\/upload\/scuba_dive_medical_form.pdf\" rel=\"noopener\">Declaraci\u00f3n m\u00e9dica de buceo PADI SCUBA<\/a><span>&nbsp;(Documento PDF) y compl\u00e9telo antes de participar en esta excursi\u00f3n de buceo certificado de 1 o 2 tanques en Costa Maya. Es necesario traer este formulario completo y cualquier otra nota o documentaci\u00f3n requerida. <\/span><\/p>\n<p><span>Se puede alquilar equipo de buceo en el sitio. El equipo completo tiene un costo de $25.00 USD y se paga directamente al operador. Por favor, indique en la secci\u00f3n de comentarios al realizar su pedido si necesita equipo.  <\/span><\/p>\n","protected":false},"excerpt":{"rendered":"<p><span>Los arrecifes est\u00e1n bastante cerca, por lo que el viaje es corto. Tendr\u00e1s la oportunidad de observar una emocionante vida marina, como tortugas gigantes, anguilas, peces le\u00f3n, mantarrayas, formaciones de coral y mucho m\u00e1s. Algunos de los puntos de buceo m\u00e1s populares son Xcalack y Xahuaixol. El instructor de buceo decide las ubicaciones diariamente seg\u00fan las corrientes y las condiciones del agua.   <\/span><\/p>\n","protected":false},"featured_media":2606,"comment_status":"open","ping_status":"closed","template":"","meta":{"_acf_changed":false},"product_brand":[],"product_cat":[20],"product_tag":[],"activities":[174,168,175,173],"excursion_labels":[],"promotional_labels":[],"languages":[176,172],"units":[],"currencies":[],"class_list":{"0":"post-2605","1":"product","2":"type-product","3":"status-publish","4":"has-post-thumbnail","6":"product_cat-sin-categoria","7":"activities-ideal-para-familias","8":"activities-todo-incluido","9":"activities-tours-aereos","10":"activities-tours-terrestres","11":"languages-frances","12":"languages-ingles","14":"first","15":"instock","16":"virtual","17":"sold-individually","18":"purchasable","19":"product-type-excursion"},"acf":[],"_links":{"self":[{"href":"https:\/\/funinport.rt.gw\/es\/wp-json\/wp\/v2\/product\/2605","targetHints":{"allow":["GET"]}}],"collection":[{"href":"https:\/\/funinport.rt.gw\/es\/wp-json\/wp\/v2\/product"}],"about":[{"href":"https:\/\/funinport.rt.gw\/es\/wp-json\/wp\/v2\/types\/product"}],"replies":[{"embeddable":true,"href":"https:\/\/funinport.rt.gw\/es\/wp-json\/wp\/v2\/comments?post=2605"}],"wp:featuredmedia":[{"embeddable":true,"href":"https:\/\/funinport.rt.gw\/es\/wp-json\/wp\/v2\/media\/2606"}],"wp:attachment":[{"href":"https:\/\/funinport.rt.gw\/es\/wp-json\/wp\/v2\/media?parent=2605"}],"wp:term":[{"taxonomy":"product_brand","embeddable":true,"href":"https:\/\/funinport.rt.gw\/es\/wp-json\/wp\/v2\/product_brand?post=2605"},{"taxonomy":"product_cat","embeddable":true,"href":"https:\/\/funinport.rt.gw\/es\/wp-json\/wp\/v2\/product_cat?post=2605"},{"taxonomy":"product_tag","embeddable":true,"href":"https:\/\/funinport.rt.gw\/es\/wp-json\/wp\/v2\/product_tag?post=2605"},{"taxonomy":"activities","embeddable":true,"href":"https:\/\/funinport.rt.gw\/es\/wp-json\/wp\/v2\/activities?post=2605"},{"taxonomy":"excursion_labels","embeddable":true,"href":"https:\/\/funinport.rt.gw\/es\/wp-json\/wp\/v2\/excursion_labels?post=2605"},{"taxonomy":"promotional_labels","embeddable":true,"href":"https:\/\/funinport.rt.gw\/es\/wp-json\/wp\/v2\/promotional_labels?post=2605"},{"taxonomy":"languages","embeddable":true,"href":"https:\/\/funinport.rt.gw\/es\/wp-json\/wp\/v2\/languages?post=2605"},{"taxonomy":"units","embeddable":true,"href":"https:\/\/funinport.rt.gw\/es\/wp-json\/wp\/v2\/units?post=2605"},{"taxonomy":"currencies","embeddable":true,"href":"https:\/\/funinport.rt.gw\/es\/wp-json\/wp\/v2\/currencies?post=2605"}],"curies":[{"name":"wp","href":"https:\/\/api.w.org\/{rel}","templated":true}]}}